{"id":9947,"date":"2026-01-26T21:34:49","date_gmt":"2026-01-26T20:34:49","guid":{"rendered":"https:\/\/www.vttchartreuse.fr\/?page_id=9947"},"modified":"2026-03-29T18:50:27","modified_gmt":"2026-03-29T16:50:27","slug":"vtt-adultes","status":"publish","type":"page","link":"https:\/\/www.vttchartreuse.fr\/index.php\/vtt-adultes\/","title":{"rendered":"VTT Adultes"},"content":{"rendered":"\n<div class=\"wp-block-columns alignwide is-layout-flex wp-container-core-columns-is-layout-9d6595d7 wp-block-columns-is-layout-flex\">\n<div class=\"wp-block-column is-layout-flow wp-block-column-is-layout-flow\"><div class=\"wp-block-image\">\n<figure class=\"aligncenter size-full is-resized\"><img loading=\"lazy\" decoding=\"async\" width=\"288\" height=\"500\" src=\"http:\/\/www.vttchartreuse.fr\/wp-content\/uploads\/groupe2.png\" alt=\"\" class=\"wp-image-6689\" style=\"width:379px;height:auto\" srcset=\"https:\/\/www.vttchartreuse.fr\/wp-content\/uploads\/groupe2.png 288w, https:\/\/www.vttchartreuse.fr\/wp-content\/uploads\/groupe2-173x300.png 173w\" sizes=\"auto, (max-width: 288px) 100vw, 288px\" \/><\/figure>\n<\/div><\/div>\n\n\n\n<div class=\"wp-block-column is-layout-flow wp-block-column-is-layout-flow\">\n<h2 class=\"wp-block-heading\" id=\"block-25db05fc-4ab1-4de8-b102-25376b078055\"><strong>Groupe RANDURO<\/strong><\/h2>\n\n\n\n<ul id=\"block-48f7938f-63fe-4ef2-a017-736a1d2b652b\" class=\"wp-block-list\">\n<li>Jeunes de 18 ans \u00e0 77 ans \ud83d\ude42<\/li>\n\n\n\n<li><strong>Niveau Technique :<\/strong> Niveau d\u00e9butant \u00e0 interm\u00e9diaire<\/li>\n\n\n\n<li><strong>Niveau Physique :<\/strong> Cible \u00e0 2H30 de sorties r\u00e9guli\u00e8res.<\/li>\n\n\n\n<li><strong>Contenu :<\/strong> Conseils techniques, ateliers pratiques et sorties ax\u00e9es sur le <strong>cross\/down country<\/strong>, pour allier plaisir et d\u00e9couverte.<\/li>\n\n\n\n<li>12 s\u00e9ances mini\/an<\/li>\n\n\n\n<li>Samedis apr\u00e8s-midi ou ponctuellement samedis matin,<\/li>\n\n\n\n<li>Saison de mars \u00e0 juin et de septembre \u00e0 novembre<\/li>\n\n\n\n<li>S\u00e9ances compl\u00e9mentaires orient\u00e9es Enduro\/Endurance organis\u00e9 par les membres du club<\/li>\n\n\n\n<li>Lieux de pratique: r\u00e9gion grenobloise\/Chartreuse,<\/li>\n\n\n\n<li>Cours avec moniteur dipl\u00f4m\u00e9,<\/li>\n\n\n\n<li><strong>Disciplines pratiqu\u00e9es:<\/strong>\n<ul class=\"wp-block-list\">\n<li>Trial : \ud83d\udeb4<\/li>\n\n\n\n<li>Enduro:\ud83d\udeb4<\/li>\n\n\n\n<li>DH(BikePark):\ud83d\udeb4<\/li>\n\n\n\n<li>X-Country \/ Downcountry : \ud83d\udeb4\ud83d\udeb4\ud83d\udeb4\ud83d\udeb4<\/li>\n<\/ul>\n<\/li>\n<\/ul>\n<\/div>\n<\/div>\n\n\n\n<h1 class=\"wp-block-heading\" id=\"block-4ec34b8a-3bff-41f3-8954-862aa8c7e174\">Calendrier pr\u00e9visionnel 2026<\/h1>\n\n\n\n<p>12 SEANCES ADULTES  + 1 sortie surprise \/\/ 14H00 \u00e0 16H30 \/\/ Moniteur : Cyrille GAUTHIER (06 88 09 59 80)<\/p>\n\n\n\n<div class=\"wp-block-file\"><a id=\"wp-block-file--media-730bd84c-9305-4e7a-9cb0-5eba3be8ca31\" href=\"https:\/\/www.vttchartreuse.fr\/wp-content\/uploads\/VTT-ADULTES-Planning-Printemps-2026-VTT-Chartreuse.xlsx-Planning-Printemps-2026.pdf\">VTT ADULTES &#8211; Planning Printemps 2026 VTT Chartreuse.xlsx &#8211; Planning Printemps 2026<\/a><a href=\"https:\/\/www.vttchartreuse.fr\/wp-content\/uploads\/VTT-ADULTES-Planning-Printemps-2026-VTT-Chartreuse.xlsx-Planning-Printemps-2026.pdf\" class=\"wp-block-file__button wp-element-button\" download aria-describedby=\"wp-block-file--media-730bd84c-9305-4e7a-9cb0-5eba3be8ca31\">T\u00e9l\u00e9charger<\/a><\/div>\n\n\n\n<p id=\"block-e717bb20-f88f-4a3f-a479-ef3dab2b066a\">Mise \u00e0 jour le 24 mars 2026<br><\/p>\n\n\n\n<hr class=\"wp-block-separator has-alpha-channel-opacity\"\/>\n\n\n\n<div class=\"wp-block-columns alignwide is-layout-flex wp-container-core-columns-is-layout-9d6595d7 wp-block-columns-is-layout-flex\">\n<div class=\"wp-block-column is-layout-flow wp-block-column-is-layout-flow\">\n<h1 class=\"wp-block-heading\" id=\"block-5c9cfbfd-c01e-4301-b006-4c9e34cda5e5\">Tarifs<\/h1>\n\n\n\n<p id=\"block-5c9cfbfd-c01e-4301-b006-4c9e34cda5e5\">Cela se passe <strong><a href=\"https:\/\/www.vttchartreuse.fr\/index.php\/tarifs\/\" data-type=\"page\" data-id=\"280\">ici<\/a><\/strong><\/p>\n\n\n\n<h1 class=\"wp-block-heading\">Adh\u00e9sion<\/h1>\n\n\n\n<p>Cela se passe <a href=\"https:\/\/www.vttchartreuse.fr\/index.php\/adhesion-au-club\/\" data-type=\"page\" data-id=\"1789\">ICI<\/a><\/p>\n\n\n\n<h1 class=\"wp-block-heading\" id=\"contactvttadulte\">Contact<\/h1>\n\n\n\n<p id=\"block-d2a1921d-d53f-447d-a422-767956bcdd4a\">Pour tout renseignement, merci de nous contacter via le menu \u201c<a href=\"https:\/\/www.vttchartreuse.fr\/index.php\/contactez-nous\/\">contactez nous<\/a>\u201c.<\/p>\n<\/div>\n\n\n\n<div class=\"wp-block-column is-layout-flow wp-block-column-is-layout-flow\">\n<h1 class=\"wp-block-heading\" id=\"block-188a5609-a9f9-4033-848a-2d0a1b728882\">Communication entre participants, moniteurs, club ?<\/h1>\n\n\n\n<p id=\"block-60e52626-c85b-42e9-b4f1-41d7d10b5407\">Nous devrions communiquer principalement via l&rsquo;application What&rsquo;s App. Il se peut que de temps en temps nous communiquions aussi \u00e0 travers le site web et par mails.<\/p>\n\n\n\n<p id=\"block-799c72e5-63a4-4508-9031-f3f485b6f47a\">Si vous nous contactons pour vous donner des infos, vous posez des questions &#8211; sondage- , proposer des sorties en plus, etc. merci de bien r\u00e9pondre et si possible assez vite (m\u00eame si votre r\u00e9ponse est n\u00e9gative).<\/p>\n\n\n\n<p id=\"block-06f9e611-e07d-49e5-96e7-265e3421d93b\">Merci !<\/p>\n<\/div>\n<\/div>\n<div class=\"pvc_clear\"><\/div><p id=\"pvc_stats_9947\" class=\"pvc_stats all  \" data-element-id=\"9947\" style=\"\"><i class=\"pvc-stats-icon medium\" aria-hidden=\"true\"><svg aria-hidden=\"true\" focusable=\"false\" data-prefix=\"far\" data-icon=\"chart-bar\" role=\"img\" xmlns=\"http:\/\/www.w3.org\/2000\/svg\" viewBox=\"0 0 512 512\" class=\"svg-inline--fa fa-chart-bar fa-w-16 fa-2x\"><path fill=\"currentColor\" d=\"M396.8 352h22.4c6.4 0 12.8-6.4 12.8-12.8V108.8c0-6.4-6.4-12.8-12.8-12.8h-22.4c-6.4 0-12.8 6.4-12.8 12.8v230.4c0 6.4 6.4 12.8 12.8 12.8zm-192 0h22.4c6.4 0 12.8-6.4 12.8-12.8V140.8c0-6.4-6.4-12.8-12.8-12.8h-22.4c-6.4 0-12.8 6.4-12.8 12.8v198.4c0 6.4 6.4 12.8 12.8 12.8zm96 0h22.4c6.4 0 12.8-6.4 12.8-12.8V204.8c0-6.4-6.4-12.8-12.8-12.8h-22.4c-6.4 0-12.8 6.4-12.8 12.8v134.4c0 6.4 6.4 12.8 12.8 12.8zM496 400H48V80c0-8.84-7.16-16-16-16H16C7.16 64 0 71.16 0 80v336c0 17.67 14.33 32 32 32h464c8.84 0 16-7.16 16-16v-16c0-8.84-7.16-16-16-16zm-387.2-48h22.4c6.4 0 12.8-6.4 12.8-12.8v-70.4c0-6.4-6.4-12.8-12.8-12.8h-22.4c-6.4 0-12.8 6.4-12.8 12.8v70.4c0 6.4 6.4 12.8 12.8 12.8z\" class=\"\"><\/path><\/svg><\/i> <img loading=\"lazy\" decoding=\"async\" width=\"16\" height=\"16\" alt=\"Loading\" src=\"https:\/\/www.vttchartreuse.fr\/wp-content\/plugins\/page-views-count\/ajax-loader-2x.gif\" border=0 \/><\/p><div class=\"pvc_clear\"><\/div>","protected":false},"excerpt":{"rendered":"<p>Groupe RANDURO Calendrier pr\u00e9visionnel 2026 12 SEANCES ADULTES + 1 sortie surprise \/\/ 14H00 \u00e0 16H30 \/\/ Moniteur : Cyrille GAUTHIER (06 88 09 59 80) Mise \u00e0 jour le 24 mars 2026 Tarifs Cela se passe ici Adh\u00e9sion Cela se passe ICI Contact Pour tout renseignement, merci de nous contacter via le menu \u201ccontactez [&hellip;]<\/p>\n<div class=\"pvc_clear\"><\/div>\n<p id=\"pvc_stats_9947\" class=\"pvc_stats all  \" data-element-id=\"9947\" style=\"\"><i class=\"pvc-stats-icon medium\" aria-hidden=\"true\"><svg aria-hidden=\"true\" focusable=\"false\" data-prefix=\"far\" data-icon=\"chart-bar\" role=\"img\" xmlns=\"http:\/\/www.w3.org\/2000\/svg\" viewBox=\"0 0 512 512\" class=\"svg-inline--fa fa-chart-bar fa-w-16 fa-2x\"><path fill=\"currentColor\" d=\"M396.8 352h22.4c6.4 0 12.8-6.4 12.8-12.8V108.8c0-6.4-6.4-12.8-12.8-12.8h-22.4c-6.4 0-12.8 6.4-12.8 12.8v230.4c0 6.4 6.4 12.8 12.8 12.8zm-192 0h22.4c6.4 0 12.8-6.4 12.8-12.8V140.8c0-6.4-6.4-12.8-12.8-12.8h-22.4c-6.4 0-12.8 6.4-12.8 12.8v198.4c0 6.4 6.4 12.8 12.8 12.8zm96 0h22.4c6.4 0 12.8-6.4 12.8-12.8V204.8c0-6.4-6.4-12.8-12.8-12.8h-22.4c-6.4 0-12.8 6.4-12.8 12.8v134.4c0 6.4 6.4 12.8 12.8 12.8zM496 400H48V80c0-8.84-7.16-16-16-16H16C7.16 64 0 71.16 0 80v336c0 17.67 14.33 32 32 32h464c8.84 0 16-7.16 16-16v-16c0-8.84-7.16-16-16-16zm-387.2-48h22.4c6.4 0 12.8-6.4 12.8-12.8v-70.4c0-6.4-6.4-12.8-12.8-12.8h-22.4c-6.4 0-12.8 6.4-12.8 12.8v70.4c0 6.4 6.4 12.8 12.8 12.8z\" class=\"\"><\/path><\/svg><\/i> <img loading=\"lazy\" decoding=\"async\" width=\"16\" height=\"16\" alt=\"Loading\" src=\"https:\/\/www.vttchartreuse.fr\/wp-content\/plugins\/page-views-count\/ajax-loader-2x.gif\" border=0 \/><\/p>\n<div class=\"pvc_clear\"><\/div>\n","protected":false},"author":2,"featured_media":0,"parent":0,"menu_order":0,"comment_status":"closed","ping_status":"closed","template":"","meta":{"footnotes":""},"class_list":["post-9947","page","type-page","status-publish","hentry"],"a3_pvc":{"activated":true,"total_views":158,"today_views":0},"_links":{"self":[{"href":"https:\/\/www.vttchartreuse.fr\/index.php\/wp-json\/wp\/v2\/pages\/9947","targetHints":{"allow":["GET"]}}],"collection":[{"href":"https:\/\/www.vttchartreuse.fr\/index.php\/wp-json\/wp\/v2\/pages"}],"about":[{"href":"https:\/\/www.vttchartreuse.fr\/index.php\/wp-json\/wp\/v2\/types\/page"}],"author":[{"embeddable":true,"href":"https:\/\/www.vttchartreuse.fr\/index.php\/wp-json\/wp\/v2\/users\/2"}],"replies":[{"embeddable":true,"href":"https:\/\/www.vttchartreuse.fr\/index.php\/wp-json\/wp\/v2\/comments?post=9947"}],"version-history":[{"count":12,"href":"https:\/\/www.vttchartreuse.fr\/index.php\/wp-json\/wp\/v2\/pages\/9947\/revisions"}],"predecessor-version":[{"id":10244,"href":"https:\/\/www.vttchartreuse.fr\/index.php\/wp-json\/wp\/v2\/pages\/9947\/revisions\/10244"}],"wp:attachment":[{"href":"https:\/\/www.vttchartreuse.fr\/index.php\/wp-json\/wp\/v2\/media?parent=9947"}],"curies":[{"name":"wp","href":"https:\/\/api.w.org\/{rel}","templated":true}]}}