{"id":9085,"date":"2025-09-09T11:00:48","date_gmt":"2025-09-09T09:00:48","guid":{"rendered":"https:\/\/www.vttchartreuse.fr\/?page_id=9085"},"modified":"2026-03-24T23:28:29","modified_gmt":"2026-03-24T22:28:29","slug":"stages-vtt-chartreuse","status":"publish","type":"page","link":"https:\/\/www.vttchartreuse.fr\/index.php\/stages-vtt-chartreuse\/","title":{"rendered":"Stages VTT Chartreuse"},"content":{"rendered":"\n<p>Le Club VTT Chartreuse, avec nos moniteurs Cyrille et Richard, propose des stages de VTT de 4 \u00e0 5 jours,pendant les <strong>vacances scolaires de PAQUES<\/strong> et <strong>d\u00e9but Juillet<\/strong> (juste apr\u00e8s la fin de l&rsquo;\u00e9cole).<\/p>\n\n\n\n<h2 class=\"wp-block-heading\">Les moniteurs du club propose 2 stages en 2026<\/h2>\n\n\n\n<ul class=\"wp-block-list\">\n<li><strong>Groupe d\u00e9butants \/ groupe du Mercredi :<\/strong> 4 jours pour les 9 \u00e0 11 ans\u00a0le 7\/8\/9\/10 <strong>Avril<\/strong> 2026, et en <strong>Juillet<\/strong> le 6\/7\/8\/9\u00a0 pour les 7 \u00e0 9 ans,<\/li>\n\n\n\n<li><strong>Groupe Interm\u00e9diaire \/ groupe du Samedi :<\/strong> Stage du 6 au 10 <strong>avril<\/strong> et du 6 au 10 <strong>juillet<\/strong> 2026.<\/li>\n<\/ul>\n\n\n\n<figure class=\"wp-block-embed is-type-wp-embed is-provider-vtt-chartreuse wp-block-embed-vtt-chartreuse\"><div class=\"wp-block-embed__wrapper\">\n<blockquote class=\"wp-embedded-content\" data-secret=\"0yugOw9R79\"><a href=\"https:\/\/www.vttchartreuse.fr\/index.php\/2026\/03\/17\/stage-vtt-pour-les-enfants-de-lecole-de-velo-07-au-09-avril-inclus-2\/\">Stage VTT pour les enfants de l&rsquo;\u00e9cole de v\u00e9lo &#8211; 07 au 09 Avril inclus<\/a><\/blockquote><iframe loading=\"lazy\" class=\"wp-embedded-content\" sandbox=\"allow-scripts\" security=\"restricted\" style=\"position: absolute; visibility: hidden;\" title=\"\u00ab\u00a0Stage VTT pour les enfants de l&rsquo;\u00e9cole de v\u00e9lo &#8211; 07 au 09 Avril inclus\u00a0\u00bb &#8212; VTT Chartreuse\" src=\"https:\/\/www.vttchartreuse.fr\/index.php\/2026\/03\/17\/stage-vtt-pour-les-enfants-de-lecole-de-velo-07-au-09-avril-inclus-2\/embed\/#?secret=WZy7cp3n4T#?secret=0yugOw9R79\" data-secret=\"0yugOw9R79\" width=\"500\" height=\"282\" frameborder=\"0\" marginwidth=\"0\" marginheight=\"0\" scrolling=\"no\"><\/iframe>\n<\/div><\/figure>\n\n\n\n<hr class=\"wp-block-separator has-alpha-channel-opacity\"\/>\n\n\n\n<h2 class=\"wp-block-heading\"><strong>Le but de ces stages ?<\/strong><\/h2>\n\n\n\n<ul class=\"wp-block-list\">\n<li>Progresser et s\u2019amuser en VTT&nbsp;dans le massif de la Chartreuse !<\/li>\n<\/ul>\n\n\n\n<p>Ces stages sont ouverts aux membres du club mais aussi aux <strong>ext\u00e9rieures<\/strong> et ont g\u00e9n\u00e9ralement lieu pendant les <strong>vacances scolaires de PAQUES<\/strong> et <strong>d\u00e9but Juillet<\/strong> (juste apr\u00e8s la fin de l&rsquo;\u00e9cole)<\/p>\n\n\n\n<h4 class=\"wp-block-heading\">Si vous voulez en savoir plus, merci de nous contacter en utilisant le formulaire de <a href=\"https:\/\/www.vttchartreuse.fr\/index.php\/contactez-nous\/\" data-type=\"page\" data-id=\"522\">contact<\/a>.<\/h4>\n\n\n\n<div style=\"height:41px\" aria-hidden=\"true\" class=\"wp-block-spacer\"><\/div>\n\n\n\n<hr class=\"wp-block-separator has-alpha-channel-opacity\"\/>\n\n\n\n<h2 class=\"wp-block-heading\">Voici des articles afin de vous montrer ce que proposent nos moniteurs<\/h2>\n\n\n\n<figure class=\"wp-block-embed is-type-wp-embed is-provider-vtt-chartreuse wp-block-embed-vtt-chartreuse\"><div class=\"wp-block-embed__wrapper\">\n<blockquote class=\"wp-embedded-content\" data-secret=\"OQCpwv5Fks\"><a href=\"https:\/\/www.vttchartreuse.fr\/index.php\/2025\/06\/24\/stage-vtt-07-au-11-juillet-2025-groupes-du-mercredi\/\">Stage VTT &#8211; 07 au 11 Juillet 2025 &#8211; Groupes du mercredi<\/a><\/blockquote><iframe loading=\"lazy\" class=\"wp-embedded-content\" sandbox=\"allow-scripts\" security=\"restricted\" style=\"position: absolute; visibility: hidden;\" title=\"\u00ab\u00a0Stage VTT &#8211; 07 au 11 Juillet 2025 &#8211; Groupes du mercredi\u00a0\u00bb &#8212; VTT Chartreuse\" src=\"https:\/\/www.vttchartreuse.fr\/index.php\/2025\/06\/24\/stage-vtt-07-au-11-juillet-2025-groupes-du-mercredi\/embed\/#?secret=ccTRQgc02M#?secret=OQCpwv5Fks\" data-secret=\"OQCpwv5Fks\" width=\"500\" height=\"282\" frameborder=\"0\" marginwidth=\"0\" marginheight=\"0\" scrolling=\"no\"><\/iframe>\n<\/div><\/figure>\n\n\n\n<figure class=\"wp-block-embed is-type-wp-embed is-provider-vtt-chartreuse wp-block-embed-vtt-chartreuse\"><div class=\"wp-block-embed__wrapper\">\nhttps:\/\/www.vttchartreuse.fr\/index.php\/2025\/05\/02\/photo-stage-de-paques-2025-richard-groupe-du-mercredi\n<\/div><\/figure>\n\n\n\n<p><a href=\"https:\/\/www.vttchartreuse.fr\/index.php\/2025\/05\/02\/photo-stage-de-paques-2025-richard-groupe-du-mercredi\">https:\/\/www.vttchartreuse.fr\/index.php\/2025\/05\/02\/photo-stage-de-paques-2025-richard-groupe-du-mercredi<\/a><\/p>\n<div class=\"pvc_clear\"><\/div><p id=\"pvc_stats_9085\" class=\"pvc_stats all  \" data-element-id=\"9085\" style=\"\"><i class=\"pvc-stats-icon medium\" aria-hidden=\"true\"><svg aria-hidden=\"true\" focusable=\"false\" data-prefix=\"far\" data-icon=\"chart-bar\" role=\"img\" xmlns=\"http:\/\/www.w3.org\/2000\/svg\" viewBox=\"0 0 512 512\" class=\"svg-inline--fa fa-chart-bar fa-w-16 fa-2x\"><path fill=\"currentColor\" d=\"M396.8 352h22.4c6.4 0 12.8-6.4 12.8-12.8V108.8c0-6.4-6.4-12.8-12.8-12.8h-22.4c-6.4 0-12.8 6.4-12.8 12.8v230.4c0 6.4 6.4 12.8 12.8 12.8zm-192 0h22.4c6.4 0 12.8-6.4 12.8-12.8V140.8c0-6.4-6.4-12.8-12.8-12.8h-22.4c-6.4 0-12.8 6.4-12.8 12.8v198.4c0 6.4 6.4 12.8 12.8 12.8zm96 0h22.4c6.4 0 12.8-6.4 12.8-12.8V204.8c0-6.4-6.4-12.8-12.8-12.8h-22.4c-6.4 0-12.8 6.4-12.8 12.8v134.4c0 6.4 6.4 12.8 12.8 12.8zM496 400H48V80c0-8.84-7.16-16-16-16H16C7.16 64 0 71.16 0 80v336c0 17.67 14.33 32 32 32h464c8.84 0 16-7.16 16-16v-16c0-8.84-7.16-16-16-16zm-387.2-48h22.4c6.4 0 12.8-6.4 12.8-12.8v-70.4c0-6.4-6.4-12.8-12.8-12.8h-22.4c-6.4 0-12.8 6.4-12.8 12.8v70.4c0 6.4 6.4 12.8 12.8 12.8z\" class=\"\"><\/path><\/svg><\/i> <img loading=\"lazy\" decoding=\"async\" width=\"16\" height=\"16\" alt=\"Loading\" src=\"https:\/\/www.vttchartreuse.fr\/wp-content\/plugins\/page-views-count\/ajax-loader-2x.gif\" border=0 \/><\/p><div class=\"pvc_clear\"><\/div>","protected":false},"excerpt":{"rendered":"<p>Le Club VTT Chartreuse, avec nos moniteurs Cyrille et Richard, propose des stages de VTT de 4 \u00e0 5 jours,pendant les vacances scolaires de PAQUES et d\u00e9but Juillet (juste apr\u00e8s la fin de l&rsquo;\u00e9cole). Les moniteurs du club propose 2 stages en 2026 Le but de ces stages ? Ces stages sont ouverts aux membres [&hellip;]<\/p>\n<div class=\"pvc_clear\"><\/div>\n<p id=\"pvc_stats_9085\" class=\"pvc_stats all  \" data-element-id=\"9085\" style=\"\"><i class=\"pvc-stats-icon medium\" aria-hidden=\"true\"><svg aria-hidden=\"true\" focusable=\"false\" data-prefix=\"far\" data-icon=\"chart-bar\" role=\"img\" xmlns=\"http:\/\/www.w3.org\/2000\/svg\" viewBox=\"0 0 512 512\" class=\"svg-inline--fa fa-chart-bar fa-w-16 fa-2x\"><path fill=\"currentColor\" d=\"M396.8 352h22.4c6.4 0 12.8-6.4 12.8-12.8V108.8c0-6.4-6.4-12.8-12.8-12.8h-22.4c-6.4 0-12.8 6.4-12.8 12.8v230.4c0 6.4 6.4 12.8 12.8 12.8zm-192 0h22.4c6.4 0 12.8-6.4 12.8-12.8V140.8c0-6.4-6.4-12.8-12.8-12.8h-22.4c-6.4 0-12.8 6.4-12.8 12.8v198.4c0 6.4 6.4 12.8 12.8 12.8zm96 0h22.4c6.4 0 12.8-6.4 12.8-12.8V204.8c0-6.4-6.4-12.8-12.8-12.8h-22.4c-6.4 0-12.8 6.4-12.8 12.8v134.4c0 6.4 6.4 12.8 12.8 12.8zM496 400H48V80c0-8.84-7.16-16-16-16H16C7.16 64 0 71.16 0 80v336c0 17.67 14.33 32 32 32h464c8.84 0 16-7.16 16-16v-16c0-8.84-7.16-16-16-16zm-387.2-48h22.4c6.4 0 12.8-6.4 12.8-12.8v-70.4c0-6.4-6.4-12.8-12.8-12.8h-22.4c-6.4 0-12.8 6.4-12.8 12.8v70.4c0 6.4 6.4 12.8 12.8 12.8z\" class=\"\"><\/path><\/svg><\/i> <img loading=\"lazy\" decoding=\"async\" width=\"16\" height=\"16\" alt=\"Loading\" src=\"https:\/\/www.vttchartreuse.fr\/wp-content\/plugins\/page-views-count\/ajax-loader-2x.gif\" border=0 \/><\/p>\n<div class=\"pvc_clear\"><\/div>\n","protected":false},"author":2,"featured_media":0,"parent":0,"menu_order":0,"comment_status":"closed","ping_status":"closed","template":"","meta":{"footnotes":""},"class_list":["post-9085","page","type-page","status-publish","hentry"],"a3_pvc":{"activated":true,"total_views":205,"today_views":0},"_links":{"self":[{"href":"https:\/\/www.vttchartreuse.fr\/index.php\/wp-json\/wp\/v2\/pages\/9085","targetHints":{"allow":["GET"]}}],"collection":[{"href":"https:\/\/www.vttchartreuse.fr\/index.php\/wp-json\/wp\/v2\/pages"}],"about":[{"href":"https:\/\/www.vttchartreuse.fr\/index.php\/wp-json\/wp\/v2\/types\/page"}],"author":[{"embeddable":true,"href":"https:\/\/www.vttchartreuse.fr\/index.php\/wp-json\/wp\/v2\/users\/2"}],"replies":[{"embeddable":true,"href":"https:\/\/www.vttchartreuse.fr\/index.php\/wp-json\/wp\/v2\/comments?post=9085"}],"version-history":[{"count":7,"href":"https:\/\/www.vttchartreuse.fr\/index.php\/wp-json\/wp\/v2\/pages\/9085\/revisions"}],"predecessor-version":[{"id":10077,"href":"https:\/\/www.vttchartreuse.fr\/index.php\/wp-json\/wp\/v2\/pages\/9085\/revisions\/10077"}],"wp:attachment":[{"href":"https:\/\/www.vttchartreuse.fr\/index.php\/wp-json\/wp\/v2\/media?parent=9085"}],"curies":[{"name":"wp","href":"https:\/\/api.w.org\/{rel}","templated":true}]}}