{"id":896,"date":"2021-01-11T15:17:35","date_gmt":"2021-01-11T14:17:35","guid":{"rendered":"http:\/\/combi.outils-conviviaux.fr\/?page_id=896"},"modified":"2021-08-25T09:27:53","modified_gmt":"2021-08-25T08:27:53","slug":"nos-valeurs","status":"publish","type":"page","link":"https:\/\/www.vttchartreuse.fr\/index.php\/nos-valeurs\/","title":{"rendered":"Nos valeurs"},"content":{"rendered":"\n<p class=\"has-drop-cap\">Des sportifs passionn\u00e9s, des randonneurs, des riders de l&rsquo;extr\u00eame. Ils se retrouvent dans la plus grande harmonie; le secret d&rsquo;une r\u00e9ussite qui dure depuis 30 ans. <br><\/p>\n\n\n\n<p class=\"has-drop-cap\">VTT Chartreuse c&rsquo;est aussi et surtout une \u00e9cole de VTT pour les jeunes, et un groupe randonn\u00e9e pour les adultes.<\/p>\n\n\n\n<p><\/p>\n\n\n\n<div style=\"height:24px\" aria-hidden=\"true\" class=\"wp-block-spacer\"><\/div>\n\n\n\n<h2 class=\"wp-block-heading\">Un pass\u00e9 pour <strong>exp\u00e9rience<\/strong>, une <strong>passion<\/strong> pour le quotidien, des <strong>projets<\/strong> pour l&rsquo;avenir.<\/h2>\n\n\n\n<ul class=\"wp-block-list\"><li><strong>Des adh\u00e9rents de 07 \u00e0 77 ans<\/strong>,<\/li><\/ul>\n\n\n\n<ul class=\"wp-block-list\"><li>Le club est organis\u00e9 en association \u00ab\u00a0loi de 1901\u00a0\u00bb agr\u00e9\u00e9e par le minist\u00e8re des sports, <strong>affili\u00e9e \u00e0 la F\u00e9d\u00e9ration Fran\u00e7aise de Cyclisme<\/strong>,<\/li><\/ul>\n\n\n\n<ul class=\"wp-block-list\"><li>Un club sportif cr\u00e9\u00e9 en 1989 qui depuis cette date poss\u00e8de une <strong>\u00e9cole de cyclisme label FFC<\/strong>,<\/li><li>Une <strong>\u00e9cole de v\u00e9lo agr\u00e9\u00e9 pour les enfants<\/strong>,<\/li><li>Des <strong>cours de VTT pour les adultes<\/strong>.<\/li><\/ul>\n\n\n\n<p><\/p>\n\n\n\n<p>Toutes les disciplines du VTT sont enseign\u00e9es et pratiqu\u00e9es en loisir \u00e9ducatif, c\u2019est-\u00e0-dire du VTT sous tous ses aspects, cross-country, trial, descente, dual-slalom, orientation et randonn\u00e9es.<\/p>\n\n\n\n<p>Encadr\u00e9s par une \u00e9quipe de moniteurs dipl\u00f4m\u00e9s, qui aiment ce qu\u2019ils font, les enfants peuvent s\u2019\u00e9panouir physiquement et psychologiquement.<\/p>\n\n\n\n<p>Le VTT \u00e9tant un sport exigeant sur le plan mental, par une pratique r\u00e9guli\u00e8re et des entra\u00eenements adapt\u00e9s \u00e0 leurs capacit\u00e9s, les enfants acquerront les bonnes bases de la conduite d\u2019un VTT et pourront s\u2019ils le d\u00e9sirent ensuite, participer \u00e0 des comp\u00e9titions qui leur sont r\u00e9serv\u00e9es.<\/p>\n\n\n\n<h2 class=\"wp-block-heading\">Essayez avant de vous engagez.<\/h2>\n\n\n\n<p>Nous proposons aux enfants (et aussi aux adultes) une ou deux s\u00e9ances d\u2019essais sans engagement (au mois de septembre \/ journ\u00e9es d\u00e9couvertes FFC, sans achat de licence et cotisation club).<\/p>\n\n\n\n<div style=\"height:58px\" aria-hidden=\"true\" class=\"wp-block-spacer\"><\/div>\n<div class=\"pvc_clear\"><\/div><p id=\"pvc_stats_896\" class=\"pvc_stats all  \" data-element-id=\"896\" style=\"\"><i class=\"pvc-stats-icon medium\" aria-hidden=\"true\"><svg aria-hidden=\"true\" focusable=\"false\" data-prefix=\"far\" data-icon=\"chart-bar\" role=\"img\" xmlns=\"http:\/\/www.w3.org\/2000\/svg\" viewBox=\"0 0 512 512\" class=\"svg-inline--fa fa-chart-bar fa-w-16 fa-2x\"><path fill=\"currentColor\" d=\"M396.8 352h22.4c6.4 0 12.8-6.4 12.8-12.8V108.8c0-6.4-6.4-12.8-12.8-12.8h-22.4c-6.4 0-12.8 6.4-12.8 12.8v230.4c0 6.4 6.4 12.8 12.8 12.8zm-192 0h22.4c6.4 0 12.8-6.4 12.8-12.8V140.8c0-6.4-6.4-12.8-12.8-12.8h-22.4c-6.4 0-12.8 6.4-12.8 12.8v198.4c0 6.4 6.4 12.8 12.8 12.8zm96 0h22.4c6.4 0 12.8-6.4 12.8-12.8V204.8c0-6.4-6.4-12.8-12.8-12.8h-22.4c-6.4 0-12.8 6.4-12.8 12.8v134.4c0 6.4 6.4 12.8 12.8 12.8zM496 400H48V80c0-8.84-7.16-16-16-16H16C7.16 64 0 71.16 0 80v336c0 17.67 14.33 32 32 32h464c8.84 0 16-7.16 16-16v-16c0-8.84-7.16-16-16-16zm-387.2-48h22.4c6.4 0 12.8-6.4 12.8-12.8v-70.4c0-6.4-6.4-12.8-12.8-12.8h-22.4c-6.4 0-12.8 6.4-12.8 12.8v70.4c0 6.4 6.4 12.8 12.8 12.8z\" class=\"\"><\/path><\/svg><\/i> <img loading=\"lazy\" decoding=\"async\" width=\"16\" height=\"16\" alt=\"Loading\" src=\"https:\/\/www.vttchartreuse.fr\/wp-content\/plugins\/page-views-count\/ajax-loader-2x.gif\" border=0 \/><\/p><div class=\"pvc_clear\"><\/div>","protected":false},"excerpt":{"rendered":"<p>Des sportifs passionn\u00e9s, des randonneurs, des riders de l&rsquo;extr\u00eame. Ils se retrouvent dans la plus grande harmonie; le secret d&rsquo;une r\u00e9ussite qui dure depuis 30 ans. VTT Chartreuse c&rsquo;est aussi et surtout une \u00e9cole de VTT pour les jeunes, et un groupe randonn\u00e9e pour les adultes. Un pass\u00e9 pour exp\u00e9rience, une passion pour le quotidien, [&hellip;]<\/p>\n<div class=\"pvc_clear\"><\/div>\n<p id=\"pvc_stats_896\" class=\"pvc_stats all  \" data-element-id=\"896\" style=\"\"><i class=\"pvc-stats-icon medium\" aria-hidden=\"true\"><svg aria-hidden=\"true\" focusable=\"false\" data-prefix=\"far\" data-icon=\"chart-bar\" role=\"img\" xmlns=\"http:\/\/www.w3.org\/2000\/svg\" viewBox=\"0 0 512 512\" class=\"svg-inline--fa fa-chart-bar fa-w-16 fa-2x\"><path fill=\"currentColor\" d=\"M396.8 352h22.4c6.4 0 12.8-6.4 12.8-12.8V108.8c0-6.4-6.4-12.8-12.8-12.8h-22.4c-6.4 0-12.8 6.4-12.8 12.8v230.4c0 6.4 6.4 12.8 12.8 12.8zm-192 0h22.4c6.4 0 12.8-6.4 12.8-12.8V140.8c0-6.4-6.4-12.8-12.8-12.8h-22.4c-6.4 0-12.8 6.4-12.8 12.8v198.4c0 6.4 6.4 12.8 12.8 12.8zm96 0h22.4c6.4 0 12.8-6.4 12.8-12.8V204.8c0-6.4-6.4-12.8-12.8-12.8h-22.4c-6.4 0-12.8 6.4-12.8 12.8v134.4c0 6.4 6.4 12.8 12.8 12.8zM496 400H48V80c0-8.84-7.16-16-16-16H16C7.16 64 0 71.16 0 80v336c0 17.67 14.33 32 32 32h464c8.84 0 16-7.16 16-16v-16c0-8.84-7.16-16-16-16zm-387.2-48h22.4c6.4 0 12.8-6.4 12.8-12.8v-70.4c0-6.4-6.4-12.8-12.8-12.8h-22.4c-6.4 0-12.8 6.4-12.8 12.8v70.4c0 6.4 6.4 12.8 12.8 12.8z\" class=\"\"><\/path><\/svg><\/i> <img loading=\"lazy\" decoding=\"async\" width=\"16\" height=\"16\" alt=\"Loading\" src=\"https:\/\/www.vttchartreuse.fr\/wp-content\/plugins\/page-views-count\/ajax-loader-2x.gif\" border=0 \/><\/p>\n<div class=\"pvc_clear\"><\/div>\n","protected":false},"author":2,"featured_media":0,"parent":0,"menu_order":0,"comment_status":"closed","ping_status":"closed","template":"","meta":{"footnotes":""},"class_list":["post-896","page","type-page","status-publish","hentry"],"_links":{"self":[{"href":"https:\/\/www.vttchartreuse.fr\/index.php\/wp-json\/wp\/v2\/pages\/896","targetHints":{"allow":["GET"]}}],"collection":[{"href":"https:\/\/www.vttchartreuse.fr\/index.php\/wp-json\/wp\/v2\/pages"}],"about":[{"href":"https:\/\/www.vttchartreuse.fr\/index.php\/wp-json\/wp\/v2\/types\/page"}],"author":[{"embeddable":true,"href":"https:\/\/www.vttchartreuse.fr\/index.php\/wp-json\/wp\/v2\/users\/2"}],"replies":[{"embeddable":true,"href":"https:\/\/www.vttchartreuse.fr\/index.php\/wp-json\/wp\/v2\/comments?post=896"}],"version-history":[{"count":0,"href":"https:\/\/www.vttchartreuse.fr\/index.php\/wp-json\/wp\/v2\/pages\/896\/revisions"}],"wp:attachment":[{"href":"https:\/\/www.vttchartreuse.fr\/index.php\/wp-json\/wp\/v2\/media?parent=896"}],"curies":[{"name":"wp","href":"https:\/\/api.w.org\/{rel}","templated":true}]}}