{"id":290,"date":"2020-09-29T15:40:14","date_gmt":"2021-01-10T18:39:31","guid":{"rendered":""},"modified":"2021-02-27T11:44:21","modified_gmt":"2021-02-27T10:44:21","slug":"licence-ffc","status":"publish","type":"page","link":"https:\/\/www.vttchartreuse.fr\/index.php\/licence-ffc\/","title":{"rendered":"Site web de la FFC"},"content":{"rendered":"\n<h3 class=\"wp-block-heading\"><strong>Voici l&rsquo;adresse du site de la F\u00e9d\u00e9ration Fran\u00e7aise de Cyclisme<\/strong> (FFC)  : <a href=\"https:\/\/licence.ffc.fr\/\"><strong>https:\/\/licence.ffc.fr\/<\/strong><\/a><\/h3>\n\n\n\n<ul class=\"wp-block-list\"><li>Vous pourrez sur ce site; prendre votre licence, voir vos r\u00e9sultats, etc.<\/li><\/ul>\n\n\n\n<ul class=\"wp-block-list\"><li><strong><span class=\"has-inline-color has-vivid-red-color\">Une AIDE\/GUIDE est disponible <a rel=\"noreferrer noopener\" href=\"\/wp-content\/uploads\/instructions-ffc.pdf\" data-type=\"URL\" data-id=\"\/wp-content\/uploads\/instructions-ffc.pdf\" target=\"_blank\">ici<\/a><\/span><\/strong><\/li><\/ul>\n\n\n\n<ul class=\"wp-block-list\"><li>La licence FFC est obligatoire,<\/li><\/ul>\n\n\n\n<ul class=\"wp-block-list\"><li>Le site web vous demandera de remplir des documents en ligne (fiche de la f\u00e9d\u00e9ration Fran\u00e7aise de Cyclisme, Assurance, etc.), suivez les consignes indiquez par le syst\u00e8me,<\/li><\/ul>\n\n\n\n<ul class=\"wp-block-list\"><li>La FFC demande aussi de fournir une copie de votre <strong>certificat m\u00e9dical* <\/strong>(ou celui de votre enfant), une <strong>photo d&rsquo;identit\u00e9<\/strong> (cette photo sera coller sur la carte de licence FFC), une copie de votre <strong>carte d&rsquo;identit\u00e9,<\/strong><\/li><\/ul>\n\n\n\n<div style=\"height:44px\" aria-hidden=\"true\" class=\"wp-block-spacer\"><\/div>\n\n\n\n<p><strong>Si vous avez du mal \u00e0 vous inscrire sur le site de la FFC, n&rsquo;h\u00e9sitez pas \u00e0 nous contacte<\/strong>r.<br><\/p>\n\n\n\n<p>Merci et \u00e0 tr\u00e8s bient\u00f4t.<\/p>\n\n\n\n<div style=\"height:100px\" aria-hidden=\"true\" class=\"wp-block-spacer\"><\/div>\n<div class=\"pvc_clear\"><\/div><p id=\"pvc_stats_290\" class=\"pvc_stats all  \" data-element-id=\"290\" style=\"\"><i class=\"pvc-stats-icon medium\" aria-hidden=\"true\"><svg aria-hidden=\"true\" focusable=\"false\" data-prefix=\"far\" data-icon=\"chart-bar\" role=\"img\" xmlns=\"http:\/\/www.w3.org\/2000\/svg\" viewBox=\"0 0 512 512\" class=\"svg-inline--fa fa-chart-bar fa-w-16 fa-2x\"><path fill=\"currentColor\" d=\"M396.8 352h22.4c6.4 0 12.8-6.4 12.8-12.8V108.8c0-6.4-6.4-12.8-12.8-12.8h-22.4c-6.4 0-12.8 6.4-12.8 12.8v230.4c0 6.4 6.4 12.8 12.8 12.8zm-192 0h22.4c6.4 0 12.8-6.4 12.8-12.8V140.8c0-6.4-6.4-12.8-12.8-12.8h-22.4c-6.4 0-12.8 6.4-12.8 12.8v198.4c0 6.4 6.4 12.8 12.8 12.8zm96 0h22.4c6.4 0 12.8-6.4 12.8-12.8V204.8c0-6.4-6.4-12.8-12.8-12.8h-22.4c-6.4 0-12.8 6.4-12.8 12.8v134.4c0 6.4 6.4 12.8 12.8 12.8zM496 400H48V80c0-8.84-7.16-16-16-16H16C7.16 64 0 71.16 0 80v336c0 17.67 14.33 32 32 32h464c8.84 0 16-7.16 16-16v-16c0-8.84-7.16-16-16-16zm-387.2-48h22.4c6.4 0 12.8-6.4 12.8-12.8v-70.4c0-6.4-6.4-12.8-12.8-12.8h-22.4c-6.4 0-12.8 6.4-12.8 12.8v70.4c0 6.4 6.4 12.8 12.8 12.8z\" class=\"\"><\/path><\/svg><\/i> <img loading=\"lazy\" decoding=\"async\" width=\"16\" height=\"16\" alt=\"Loading\" src=\"https:\/\/www.vttchartreuse.fr\/wp-content\/plugins\/page-views-count\/ajax-loader-2x.gif\" border=0 \/><\/p><div class=\"pvc_clear\"><\/div>","protected":false},"excerpt":{"rendered":"<p>Voici l&rsquo;adresse du site de la F\u00e9d\u00e9ration Fran\u00e7aise de Cyclisme (FFC) : https:\/\/licence.ffc.fr\/ Vous pourrez sur ce site; prendre votre licence, voir vos r\u00e9sultats, etc. Une AIDE\/GUIDE est disponible ici La licence FFC est obligatoire, Le site web vous demandera de remplir des documents en ligne (fiche de la f\u00e9d\u00e9ration Fran\u00e7aise de Cyclisme, Assurance, etc.), [&hellip;]<\/p>\n<div class=\"pvc_clear\"><\/div>\n<p id=\"pvc_stats_290\" class=\"pvc_stats all  \" data-element-id=\"290\" style=\"\"><i class=\"pvc-stats-icon medium\" aria-hidden=\"true\"><svg aria-hidden=\"true\" focusable=\"false\" data-prefix=\"far\" data-icon=\"chart-bar\" role=\"img\" xmlns=\"http:\/\/www.w3.org\/2000\/svg\" viewBox=\"0 0 512 512\" class=\"svg-inline--fa fa-chart-bar fa-w-16 fa-2x\"><path fill=\"currentColor\" d=\"M396.8 352h22.4c6.4 0 12.8-6.4 12.8-12.8V108.8c0-6.4-6.4-12.8-12.8-12.8h-22.4c-6.4 0-12.8 6.4-12.8 12.8v230.4c0 6.4 6.4 12.8 12.8 12.8zm-192 0h22.4c6.4 0 12.8-6.4 12.8-12.8V140.8c0-6.4-6.4-12.8-12.8-12.8h-22.4c-6.4 0-12.8 6.4-12.8 12.8v198.4c0 6.4 6.4 12.8 12.8 12.8zm96 0h22.4c6.4 0 12.8-6.4 12.8-12.8V204.8c0-6.4-6.4-12.8-12.8-12.8h-22.4c-6.4 0-12.8 6.4-12.8 12.8v134.4c0 6.4 6.4 12.8 12.8 12.8zM496 400H48V80c0-8.84-7.16-16-16-16H16C7.16 64 0 71.16 0 80v336c0 17.67 14.33 32 32 32h464c8.84 0 16-7.16 16-16v-16c0-8.84-7.16-16-16-16zm-387.2-48h22.4c6.4 0 12.8-6.4 12.8-12.8v-70.4c0-6.4-6.4-12.8-12.8-12.8h-22.4c-6.4 0-12.8 6.4-12.8 12.8v70.4c0 6.4 6.4 12.8 12.8 12.8z\" class=\"\"><\/path><\/svg><\/i> <img loading=\"lazy\" decoding=\"async\" width=\"16\" height=\"16\" alt=\"Loading\" src=\"https:\/\/www.vttchartreuse.fr\/wp-content\/plugins\/page-views-count\/ajax-loader-2x.gif\" border=0 \/><\/p>\n<div class=\"pvc_clear\"><\/div>\n","protected":false},"author":2,"featured_media":0,"parent":0,"menu_order":0,"comment_status":"closed","ping_status":"open","template":"","meta":{"footnotes":""},"class_list":["post-290","page","type-page","status-publish","hentry"],"_links":{"self":[{"href":"https:\/\/www.vttchartreuse.fr\/index.php\/wp-json\/wp\/v2\/pages\/290","targetHints":{"allow":["GET"]}}],"collection":[{"href":"https:\/\/www.vttchartreuse.fr\/index.php\/wp-json\/wp\/v2\/pages"}],"about":[{"href":"https:\/\/www.vttchartreuse.fr\/index.php\/wp-json\/wp\/v2\/types\/page"}],"author":[{"embeddable":true,"href":"https:\/\/www.vttchartreuse.fr\/index.php\/wp-json\/wp\/v2\/users\/2"}],"replies":[{"embeddable":true,"href":"https:\/\/www.vttchartreuse.fr\/index.php\/wp-json\/wp\/v2\/comments?post=290"}],"version-history":[{"count":0,"href":"https:\/\/www.vttchartreuse.fr\/index.php\/wp-json\/wp\/v2\/pages\/290\/revisions"}],"wp:attachment":[{"href":"https:\/\/www.vttchartreuse.fr\/index.php\/wp-json\/wp\/v2\/media?parent=290"}],"curies":[{"name":"wp","href":"https:\/\/api.w.org\/{rel}","templated":true}]}}