{"id":280,"date":"2020-02-24T19:52:36","date_gmt":"2021-01-10T18:39:31","guid":{"rendered":""},"modified":"2026-01-22T11:56:04","modified_gmt":"2026-01-22T10:56:04","slug":"tarifs","status":"publish","type":"page","link":"https:\/\/www.vttchartreuse.fr\/index.php\/tarifs\/","title":{"rendered":"Tarifs 2025 \/ 2026"},"content":{"rendered":"\n<div class=\"wp-block-group\"><div class=\"wp-block-group__inner-container is-layout-flow wp-block-group-is-layout-flow\">\n<div class=\"wp-block-columns is-layout-flex wp-container-core-columns-is-layout-9d6595d7 wp-block-columns-is-layout-flex\">\n<div class=\"wp-block-column is-layout-flow wp-block-column-is-layout-flow\" style=\"flex-basis:100%\">\n<h3 class=\"wp-block-heading has-text-align-center\">Vous \u00eates un(e) <strong><em>JEUNE<\/em><\/strong> ENFANT (d\u00e9butant(e), initi\u00e9(e) et perfectionnement) ?<\/h3>\n\n\n\n<figure class=\"wp-block-table is-style-stripes\"><table><thead><tr><th scope=\"col\">&nbsp;<\/th><th scope=\"col\">Adh\u00e9sion club<\/th><th scope=\"col\">Licence FFC<\/th><th scope=\"col\">Total<\/th><\/tr><\/thead><tbody><tr><td><strong>Ecole de velo (de 07 \u00e0 16 ans)<\/strong><br>&#8211; Cours avec moniteurs dipl\u00f4m\u00e9s <br>&#8211; Comp\u00e9titions non obligatoires<\/td><td>195\u20ac<\/td><td>67\u20ac<\/td><td><strong>262\u20ac<\/strong><\/td><\/tr><tr><td>\n<p><strong>VTT Performance (de 13 \u00e0 18 ans)<\/strong><br>&#8211; Groupe 1 Enduro\/DH<\/p>\n<p>&#8211; Groupe 2 XC\/Trial\/Enduro\/DH<\/p>\n<p>&#8211; Minimes\/Cadet\/Junior<br>&#8211; Cours avec moniteurs dipl\u00f4m\u00e9s<br>&#8211; Comp\u00e9titions non obligatoires<\/p>\n<\/td><td>260\u20ac<\/td><td><p>67\u20ac (minime, cadet), 86*\u20ac (junior)<\/p> <p>*tarif peut varier, voir <a href=\"https:\/\/ffc.fr\/app\/uploads\/sites\/2\/2024\/10\/Tarification2026_20250811.pdf\" target=\"_blank\" rel=\"noreferrer noopener\">document ffc 2025-2026<\/a><\/p><\/td><td><strong><strong>260 +  cout licence<br><\/strong><\/strong><\/td><\/tr><\/tbody><\/table><\/figure>\n\n\n\n<p><em><strong>Tarifs famille :<\/strong><\/em> La cotisation \u00ab\u00a0\u00e9cole de velo\u00a0\u00bb est diminu\u00e9e de 40 euros \u00e0 partir du 2<sup>i\u00e8me<\/sup>, de m\u00eame pour le troisi\u00e8me, etc.<\/p>\n<\/div>\n<\/div>\n<\/div><\/div>\n\n\n\n<h3 class=\"wp-block-heading has-text-align-center\"><em>Vous \u00eates adulte et voulez progresser en VTT ?<\/em><\/h3>\n\n\n\n<h4 class=\"wp-block-heading has-text-align-center\"><em>Rejoignez notre groupe adulte et profitez de s\u00e9ances encadr\u00e9es par un moniteur agr\u00e9\u00e9<\/em><\/h4>\n\n\n\n<figure class=\"wp-block-table is-style-stripes\"><table><thead><tr><th scope=\"col\">&nbsp;<\/th><th scope=\"col\">Adh\u00e9sion club<\/th><th scope=\"col\">Cours<\/th><th scope=\"col\">Total<\/th><\/tr><\/thead><tbody><tr><td><strong><strong>Adulte Homme<\/strong> (+ de 18ans)<br><\/strong>&#8211; Section <strong>Randuro<\/strong> (12 s\u00e9ances Downcountry avec moniteur)<\/td><td>50\u20ac<\/td><td>220\u20ac<\/td><td><strong>270\u20ac<\/strong><\/td><\/tr><tr><td><strong>Adulte Femme (+ de 18ans)<\/strong><br>&#8211; Section <strong>Randuro<\/strong> (12 s\u00e9ances Downcountry avec moniteur)<\/td><td>30\u20ac<\/td><td>220\u20ac<\/td><td><strong>250\u20ac<\/strong><\/td><\/tr><tr><td><\/td><td><\/td><td><\/td><td><\/td><\/tr><\/tbody><\/table><\/figure>\n\n\n\n<h3 class=\"wp-block-heading has-text-align-center\">Vous avez une autre pratique du VTT ?<\/h3>\n\n\n\n<h4 class=\"wp-block-heading has-text-align-center\">Vous trouverez surement ci dessous<br>la formule qui vous convient<\/h4>\n\n\n\n<figure class=\"wp-block-table is-style-stripes\"><table><thead><tr><th scope=\"col\">&nbsp;<\/th><th scope=\"col\">Adh\u00e9sion club<\/th><th scope=\"col\">Licence* FFC<\/th><th scope=\"col\">Total<\/th><\/tr><\/thead><tbody><tr><td><strong>Je suis un Junior (de 17 \u00e0 18ans)<\/strong><br>&#8211; Je ne souhaite pas faire de cours  &#8230;<\/td><td>50\u20ac<\/td><td><p>Voir <a href=\"http:\/\/auvergnerhonealpescyclisme.com\/images\/Services_clubs\/licences\/Tarifications_licences\/2025\/TarificationLicences2025.pdf\" target=\"_blank\" rel=\"noreferrer noopener\">document ffc 2025-2026<\/a>*<\/p><\/td><td><strong>50\u20ac + co\u00fbt de la licence<\/strong>*<\/td><\/tr><tr><td><strong><strong>Adulte Homme<\/strong> (+ de 18ans)<br><\/strong>&#8211; Je ne souhaite pas faire de cours &#8230;<\/td><td>50\u20ac<\/td><td><p>Voir <a href=\"http:\/\/auvergnerhonealpescyclisme.com\/images\/Services_clubs\/licences\/Tarifications_licences\/2025\/TarificationLicences2025.pdf\" target=\"_blank\" rel=\"noreferrer noopener\">document ffc 2025-2026<\/a>*<\/p><\/td><td><strong>50\u20ac <strong>+ co\u00fbt de la licence<\/strong><\/strong>*<\/td><\/tr><tr><td><strong>Adulte Femme (+ de 18ans)<\/strong><br>&#8211; Je ne souhaite pas faire de cours &#8230;<\/td><td>30\u20ac<\/td><td><p>Voir <a href=\"http:\/\/auvergnerhonealpescyclisme.com\/images\/Services_clubs\/licences\/Tarifications_licences\/2025\/TarificationLicences2025.pdf\" target=\"_blank\" rel=\"noreferrer noopener\">document ffc 2025-2026<\/a>*<\/p><\/td><td><strong>30\u20ac <strong>+ co\u00fbt de la licence<\/strong><\/strong>*<\/td><\/tr><\/tbody><\/table><\/figure>\n\n\n\n<p>* Le tarif de la licence peut varier selon votre pratique; <\/p>\n\n\n\n<ul class=\"wp-block-list\">\n<li><strong>Prendre une licence SPORT-Loisir<\/strong> si vous ne faites pas de comp\u00e9titions, <\/li>\n\n\n\n<li>Prendre une licence SPORT-Comp\u00e9titions-de-masse si vous faites du loisir et quelques comp\u00e9titions comme le Roc d&rsquo;azur, La dr\u00f4moise, etc. <\/li>\n\n\n\n<li>Si vous \u00eates un <strong>comp\u00e9titeur dans l&rsquo;\u00e2me<\/strong>, alors prendre une <strong>licence COMPETITIONS<\/strong>, plusieurs options seront propos\u00e9es : Open 1, Access, etc. Plus d&rsquo;info dans le <a href=\"https:\/\/ffc.fr\/app\/uploads\/sites\/2\/2024\/10\/Tarification2026_20250811.pdf\" target=\"_blank\" rel=\"noreferrer noopener\">document ffc 2025-2026<\/a><\/li>\n<\/ul>\n\n\n\n<div style=\"height:25px\" aria-hidden=\"true\" class=\"wp-block-spacer\"><\/div>\n\n\n\n<div style=\"height:27px\" aria-hidden=\"true\" class=\"wp-block-spacer\"><\/div>\n<div class=\"pvc_clear\"><\/div><p id=\"pvc_stats_280\" class=\"pvc_stats all  \" data-element-id=\"280\" style=\"\"><i class=\"pvc-stats-icon medium\" aria-hidden=\"true\"><svg aria-hidden=\"true\" focusable=\"false\" data-prefix=\"far\" data-icon=\"chart-bar\" role=\"img\" xmlns=\"http:\/\/www.w3.org\/2000\/svg\" viewBox=\"0 0 512 512\" class=\"svg-inline--fa fa-chart-bar fa-w-16 fa-2x\"><path fill=\"currentColor\" d=\"M396.8 352h22.4c6.4 0 12.8-6.4 12.8-12.8V108.8c0-6.4-6.4-12.8-12.8-12.8h-22.4c-6.4 0-12.8 6.4-12.8 12.8v230.4c0 6.4 6.4 12.8 12.8 12.8zm-192 0h22.4c6.4 0 12.8-6.4 12.8-12.8V140.8c0-6.4-6.4-12.8-12.8-12.8h-22.4c-6.4 0-12.8 6.4-12.8 12.8v198.4c0 6.4 6.4 12.8 12.8 12.8zm96 0h22.4c6.4 0 12.8-6.4 12.8-12.8V204.8c0-6.4-6.4-12.8-12.8-12.8h-22.4c-6.4 0-12.8 6.4-12.8 12.8v134.4c0 6.4 6.4 12.8 12.8 12.8zM496 400H48V80c0-8.84-7.16-16-16-16H16C7.16 64 0 71.16 0 80v336c0 17.67 14.33 32 32 32h464c8.84 0 16-7.16 16-16v-16c0-8.84-7.16-16-16-16zm-387.2-48h22.4c6.4 0 12.8-6.4 12.8-12.8v-70.4c0-6.4-6.4-12.8-12.8-12.8h-22.4c-6.4 0-12.8 6.4-12.8 12.8v70.4c0 6.4 6.4 12.8 12.8 12.8z\" class=\"\"><\/path><\/svg><\/i> <img loading=\"lazy\" decoding=\"async\" width=\"16\" height=\"16\" alt=\"Loading\" src=\"https:\/\/www.vttchartreuse.fr\/wp-content\/plugins\/page-views-count\/ajax-loader-2x.gif\" border=0 \/><\/p><div class=\"pvc_clear\"><\/div>","protected":false},"excerpt":{"rendered":"<p>Vous \u00eates un(e) JEUNE ENFANT (d\u00e9butant(e), initi\u00e9(e) et perfectionnement) ? &nbsp; Adh\u00e9sion club Licence FFC Total Ecole de velo (de 07 \u00e0 16 ans)&#8211; Cours avec moniteurs dipl\u00f4m\u00e9s &#8211; Comp\u00e9titions non obligatoires 195\u20ac 67\u20ac 262\u20ac VTT Performance (de 13 \u00e0 18 ans)&#8211; Groupe 1 Enduro\/DH &#8211; Groupe 2 XC\/Trial\/Enduro\/DH &#8211; Minimes\/Cadet\/Junior&#8211; Cours avec moniteurs dipl\u00f4m\u00e9s&#8211; [&hellip;]<\/p>\n<div class=\"pvc_clear\"><\/div>\n<p id=\"pvc_stats_280\" class=\"pvc_stats all  \" data-element-id=\"280\" style=\"\"><i class=\"pvc-stats-icon medium\" aria-hidden=\"true\"><svg aria-hidden=\"true\" focusable=\"false\" data-prefix=\"far\" data-icon=\"chart-bar\" role=\"img\" xmlns=\"http:\/\/www.w3.org\/2000\/svg\" viewBox=\"0 0 512 512\" class=\"svg-inline--fa fa-chart-bar fa-w-16 fa-2x\"><path fill=\"currentColor\" d=\"M396.8 352h22.4c6.4 0 12.8-6.4 12.8-12.8V108.8c0-6.4-6.4-12.8-12.8-12.8h-22.4c-6.4 0-12.8 6.4-12.8 12.8v230.4c0 6.4 6.4 12.8 12.8 12.8zm-192 0h22.4c6.4 0 12.8-6.4 12.8-12.8V140.8c0-6.4-6.4-12.8-12.8-12.8h-22.4c-6.4 0-12.8 6.4-12.8 12.8v198.4c0 6.4 6.4 12.8 12.8 12.8zm96 0h22.4c6.4 0 12.8-6.4 12.8-12.8V204.8c0-6.4-6.4-12.8-12.8-12.8h-22.4c-6.4 0-12.8 6.4-12.8 12.8v134.4c0 6.4 6.4 12.8 12.8 12.8zM496 400H48V80c0-8.84-7.16-16-16-16H16C7.16 64 0 71.16 0 80v336c0 17.67 14.33 32 32 32h464c8.84 0 16-7.16 16-16v-16c0-8.84-7.16-16-16-16zm-387.2-48h22.4c6.4 0 12.8-6.4 12.8-12.8v-70.4c0-6.4-6.4-12.8-12.8-12.8h-22.4c-6.4 0-12.8 6.4-12.8 12.8v70.4c0 6.4 6.4 12.8 12.8 12.8z\" class=\"\"><\/path><\/svg><\/i> <img loading=\"lazy\" decoding=\"async\" width=\"16\" height=\"16\" alt=\"Loading\" src=\"https:\/\/www.vttchartreuse.fr\/wp-content\/plugins\/page-views-count\/ajax-loader-2x.gif\" border=0 \/><\/p>\n<div class=\"pvc_clear\"><\/div>\n","protected":false},"author":2,"featured_media":0,"parent":0,"menu_order":0,"comment_status":"closed","ping_status":"open","template":"","meta":{"footnotes":""},"class_list":["post-280","page","type-page","status-publish","hentry"],"_links":{"self":[{"href":"https:\/\/www.vttchartreuse.fr\/index.php\/wp-json\/wp\/v2\/pages\/280","targetHints":{"allow":["GET"]}}],"collection":[{"href":"https:\/\/www.vttchartreuse.fr\/index.php\/wp-json\/wp\/v2\/pages"}],"about":[{"href":"https:\/\/www.vttchartreuse.fr\/index.php\/wp-json\/wp\/v2\/types\/page"}],"author":[{"embeddable":true,"href":"https:\/\/www.vttchartreuse.fr\/index.php\/wp-json\/wp\/v2\/users\/2"}],"replies":[{"embeddable":true,"href":"https:\/\/www.vttchartreuse.fr\/index.php\/wp-json\/wp\/v2\/comments?post=280"}],"version-history":[{"count":12,"href":"https:\/\/www.vttchartreuse.fr\/index.php\/wp-json\/wp\/v2\/pages\/280\/revisions"}],"predecessor-version":[{"id":9929,"href":"https:\/\/www.vttchartreuse.fr\/index.php\/wp-json\/wp\/v2\/pages\/280\/revisions\/9929"}],"wp:attachment":[{"href":"https:\/\/www.vttchartreuse.fr\/index.php\/wp-json\/wp\/v2\/media?parent=280"}],"curies":[{"name":"wp","href":"https:\/\/api.w.org\/{rel}","templated":true}]}}