{"id":27,"date":"2012-10-22T17:48:30","date_gmt":"2021-01-10T18:39:27","guid":{"rendered":""},"modified":"2021-02-27T11:19:10","modified_gmt":"2021-02-27T10:19:10","slug":"depuis-1989-du-vtt-en-chartreuse","status":"publish","type":"page","link":"https:\/\/www.vttchartreuse.fr\/index.php\/depuis-1989-du-vtt-en-chartreuse\/","title":{"rendered":"DEPUIS 1989 DU VTT EN CHARTREUSE"},"content":{"rendered":"\n<h2 class=\"wp-block-heading\">TOUTE UNE HISTOIRE DE VTT EN CHARTREUSE !<\/h2>\n\n\n\n<p>Une id\u00e9e qui na\u00eet dans la t\u00eate de quelques passionn\u00e9s de VTT, d&rsquo;autres tout aussi passionn\u00e9s qui les rejoignent, et l&rsquo;aventure d\u00e9marre. Ils ont tout fait sur leurs VTT. Ils ont organis\u00e9 des dizaines d&rsquo;\u00e9preuves, courses, randos, Championnats. Ils ont form\u00e9 des centaines de jeunes et de moins jeunes \u00e0 la pratique du VTT, et fait naitre des passions.<\/p>\n\n\n\n<p>L&rsquo;aventure continue toujours, qui sait jusqu&rsquo;o\u00f9 elle nous conduira !<\/p>\n\n\n\n<hr class=\"wp-block-separator\"\/>\n\n\n\n<h1 class=\"wp-block-heading\">1989 &#8211; 2019 &#8230; 30 ans sont pass\u00e9s&#8230;<\/h1>\n\n\n\n<h1 class=\"wp-block-heading\">Il \u00e9tait une fois&#8230;<\/h1>\n\n\n\n<p>&#8230; en 1989 une quinzaine de passionn\u00e9s nature et de v\u00e9lo qui arpentent les sentiers chartroussins et cr\u00e9ent l\u2019association VTT Chartreuse.<\/p>\n\n\n\n<p>G\u00e9rard Actis en est le premier pr\u00e9sident o\u00f9 balades et premi\u00e8res comp\u00e9tions occupent les WE.<\/p>\n\n\n\n<p>En 1992 Marcel Tr\u00e9visan prend la pr\u00e9sidence du club, ce dernier adh\u00e8re \u00e0 la F\u00e9d\u00e9ration Fran\u00e7aise de Cyclisme.<br><\/p>\n\n\n\n<figure class=\"wp-block-image\"><img decoding=\"async\" src=\"\/wp-content\/uploads\/vtt-chartreuse-1989.jpg\" alt=\"Les pionniers de 1989 \u00e0 l\u2019initiative de la cr\u00e9ation du club. De gauche \u00e0 droite : Patrick Actis, Bernard Dechene, Christian Perrin, Gilles Dechene, Marcel Tr\u00e9visan et G\u00e9rard Actis\" title=\"Les pionniers de 1989 \u00e0 l\u2019initiative de la cr\u00e9ation du club. De gauche \u00e0 droite : Patrick Actis, Bernard Dechene, Christian Perrin, Gilles Dechene, Marcel Tr\u00e9visan et G\u00e9rard Actis\"\/><figcaption><strong>Les pionniers de 1989 \u00e0 l\u2019initiative de la cr\u00e9ation du club.<br>De gauche \u00e0 droite: Patrick Actis, Bernard Dechene, Christian Perrin, Gilles Dechene, Marcel Tr\u00e9visan et G\u00e9rard Actis<\/strong><\/figcaption><\/figure>\n\n\n\n<hr class=\"wp-block-separator\"\/>\n\n\n\n<p>Marcel son brevet d\u2019\u00e9tat d\u2019\u00e9ducateur sportif en poche cr\u00e9e l\u2019\u00e9cole de cyclisme pour les jeunes de 7 \u00e0 16 ans. Un apprentissage suivi chaque samedi AM par une cinquantaine de jeunes.<\/p>\n\n\n\n<p>Les premi\u00e8res organisations de comp\u00e9tions sont r\u00e9alis\u00e9es, en 1995 le championnat r\u00e9gional de VTT \u00e0 la Ruch\u00e8re o\u00f9 notre actuel s\u00e9cr\u00e9taire Guillaume Donnier Valentin est sacr\u00e9 champion r\u00e9gional dans sa cat\u00e9gorie et en 1996 Chartreuse accueille 3 \u00e9tapes du tour de France VTT.<\/p>\n\n\n\n<p>A retenir aussi, ce qui deviendra sa r\u00e9f\u00e9rence pendant 10 ann\u00e9es l\u2019organisation d\u2019un contre la montre en VTT entre le camping de Miribel les Echelles et le plan d\u2019eau de St Joseph de Rivi\u00e8re.<br><br><\/p>\n\n\n\n<figure class=\"wp-block-image\"><img decoding=\"async\" src=\"\/wp-content\/uploads\/gateauanni.png\" alt=\"\"\/><figcaption><strong>Les fondateurs du club soufflent les 30 bougies \ud83d\ude42<\/strong><\/figcaption><\/figure>\n\n\n\n<p><\/p>\n\n\n\n<hr class=\"wp-block-separator\"\/>\n\n\n\n<p>L\u2019\u00e9cole de VTT prend un nouvel essor en 2000 avec l\u2019arriv\u00e9e de Francis Dujardin, faisant grimper les effectifs. Attir\u00e9 par la cr\u00e9ation du Bike Park de la grotte en 2009, depuis 10 ans les s\u00e9ances apprentissages sont assur\u00e9s par des moniteurs dipl\u00f4m\u00e9s d\u2019\u00e9tat, chaque mercredi et samedi AM, soit \u00e0 St jo ou \u00e0 St Pierre.<\/p>\n\n\n\n<p>En 2014, Marcel Tr\u00e9visan c\u00e8de sa place \u00e0 son jumeau Jean-Luc qui mettra sur rail, ce qui manque en terme d\u2019organisation populaire en chartreuse.<br><br><\/p>\n\n\n\n<p><a rel=\"noopener\" href=\"\/wp-content\/uploads\/croix_garde_0.jpg\" target=\"_blank\"><img decoding=\"async\" style=\"width: 309438px;\" src=\"\/wp-content\/uploads\/croix_garde_0.jpg\" alt=\"\"><\/a><br><br><strong>30 ans apr\u00e8s, m\u00eame lieu et nouvelle \u00e9quipe.<\/strong><\/p>\n\n\n\n<p>En juillet 2016 est organis\u00e9 le premier Festiv\u00e9lo \u00e0 St Laurent du pont, \u00e9v\u00e8nement qui connait de plus en plus de succ\u00e8s et qui perdure pour le plus grand bonheur des adeptes de VTT de la r\u00e9gion et une belle animation d\u2019\u00e9t\u00e9 dans les rues de la bourgade.<\/p>\n\n\n\n<p>Une autre organisation est venue s\u2019ajouter, la bourse aux v\u00e9los o\u00f9 la 2\u00e9 \u00e9ditions est programm\u00e9e le 8 mars 2020.<\/p>\n\n\n\n<p><strong>Alors bon vent \u00e0 cette association dynamique et \u00e0 ces adh\u00e9rents qui ont f\u00eat\u00e9s les 30 ans par une parade dans les rues de St Jo et partag\u00e9s un g\u00e2teau d\u2019anniversaire.<br><br><\/strong><\/p>\n\n\n\n<figure class=\"wp-block-image is-resized\"><a href=\"\/wp-content\/uploads\/groupe2019.png\" target=\"_blank\" rel=\"noopener\"><img loading=\"lazy\" decoding=\"async\" src=\"\/wp-content\/uploads\/groupe2019.png\" alt=\"\" width=\"886\" height=\"208\"\/><\/a><figcaption><strong>Les membres pour l&rsquo;ann\u00e9e 2019<\/strong><\/figcaption><\/figure>\n\n\n\n<p><\/p>\n<div class=\"pvc_clear\"><\/div><p id=\"pvc_stats_27\" class=\"pvc_stats all  \" data-element-id=\"27\" style=\"\"><i class=\"pvc-stats-icon medium\" aria-hidden=\"true\"><svg aria-hidden=\"true\" focusable=\"false\" data-prefix=\"far\" data-icon=\"chart-bar\" role=\"img\" xmlns=\"http:\/\/www.w3.org\/2000\/svg\" viewBox=\"0 0 512 512\" class=\"svg-inline--fa fa-chart-bar fa-w-16 fa-2x\"><path fill=\"currentColor\" d=\"M396.8 352h22.4c6.4 0 12.8-6.4 12.8-12.8V108.8c0-6.4-6.4-12.8-12.8-12.8h-22.4c-6.4 0-12.8 6.4-12.8 12.8v230.4c0 6.4 6.4 12.8 12.8 12.8zm-192 0h22.4c6.4 0 12.8-6.4 12.8-12.8V140.8c0-6.4-6.4-12.8-12.8-12.8h-22.4c-6.4 0-12.8 6.4-12.8 12.8v198.4c0 6.4 6.4 12.8 12.8 12.8zm96 0h22.4c6.4 0 12.8-6.4 12.8-12.8V204.8c0-6.4-6.4-12.8-12.8-12.8h-22.4c-6.4 0-12.8 6.4-12.8 12.8v134.4c0 6.4 6.4 12.8 12.8 12.8zM496 400H48V80c0-8.84-7.16-16-16-16H16C7.16 64 0 71.16 0 80v336c0 17.67 14.33 32 32 32h464c8.84 0 16-7.16 16-16v-16c0-8.84-7.16-16-16-16zm-387.2-48h22.4c6.4 0 12.8-6.4 12.8-12.8v-70.4c0-6.4-6.4-12.8-12.8-12.8h-22.4c-6.4 0-12.8 6.4-12.8 12.8v70.4c0 6.4 6.4 12.8 12.8 12.8z\" class=\"\"><\/path><\/svg><\/i> <img loading=\"lazy\" decoding=\"async\" width=\"16\" height=\"16\" alt=\"Loading\" src=\"https:\/\/www.vttchartreuse.fr\/wp-content\/plugins\/page-views-count\/ajax-loader-2x.gif\" border=0 \/><\/p><div class=\"pvc_clear\"><\/div>","protected":false},"excerpt":{"rendered":"<p>TOUTE UNE HISTOIRE DE VTT EN CHARTREUSE ! Une id\u00e9e qui na\u00eet dans la t\u00eate de quelques passionn\u00e9s de VTT, d&rsquo;autres tout aussi passionn\u00e9s qui les rejoignent, et l&rsquo;aventure d\u00e9marre. Ils ont tout fait sur leurs VTT. Ils ont organis\u00e9 des dizaines d&rsquo;\u00e9preuves, courses, randos, Championnats. Ils ont form\u00e9 des centaines de jeunes et de [&hellip;]<\/p>\n<div class=\"pvc_clear\"><\/div>\n<p id=\"pvc_stats_27\" class=\"pvc_stats all  \" data-element-id=\"27\" style=\"\"><i class=\"pvc-stats-icon medium\" aria-hidden=\"true\"><svg aria-hidden=\"true\" focusable=\"false\" data-prefix=\"far\" data-icon=\"chart-bar\" role=\"img\" xmlns=\"http:\/\/www.w3.org\/2000\/svg\" viewBox=\"0 0 512 512\" class=\"svg-inline--fa fa-chart-bar fa-w-16 fa-2x\"><path fill=\"currentColor\" d=\"M396.8 352h22.4c6.4 0 12.8-6.4 12.8-12.8V108.8c0-6.4-6.4-12.8-12.8-12.8h-22.4c-6.4 0-12.8 6.4-12.8 12.8v230.4c0 6.4 6.4 12.8 12.8 12.8zm-192 0h22.4c6.4 0 12.8-6.4 12.8-12.8V140.8c0-6.4-6.4-12.8-12.8-12.8h-22.4c-6.4 0-12.8 6.4-12.8 12.8v198.4c0 6.4 6.4 12.8 12.8 12.8zm96 0h22.4c6.4 0 12.8-6.4 12.8-12.8V204.8c0-6.4-6.4-12.8-12.8-12.8h-22.4c-6.4 0-12.8 6.4-12.8 12.8v134.4c0 6.4 6.4 12.8 12.8 12.8zM496 400H48V80c0-8.84-7.16-16-16-16H16C7.16 64 0 71.16 0 80v336c0 17.67 14.33 32 32 32h464c8.84 0 16-7.16 16-16v-16c0-8.84-7.16-16-16-16zm-387.2-48h22.4c6.4 0 12.8-6.4 12.8-12.8v-70.4c0-6.4-6.4-12.8-12.8-12.8h-22.4c-6.4 0-12.8 6.4-12.8 12.8v70.4c0 6.4 6.4 12.8 12.8 12.8z\" class=\"\"><\/path><\/svg><\/i> <img loading=\"lazy\" decoding=\"async\" width=\"16\" height=\"16\" alt=\"Loading\" src=\"https:\/\/www.vttchartreuse.fr\/wp-content\/plugins\/page-views-count\/ajax-loader-2x.gif\" border=0 \/><\/p>\n<div class=\"pvc_clear\"><\/div>\n","protected":false},"author":2,"featured_media":0,"parent":0,"menu_order":0,"comment_status":"closed","ping_status":"open","template":"","meta":{"footnotes":""},"class_list":["post-27","page","type-page","status-publish","hentry"],"_links":{"self":[{"href":"https:\/\/www.vttchartreuse.fr\/index.php\/wp-json\/wp\/v2\/pages\/27","targetHints":{"allow":["GET"]}}],"collection":[{"href":"https:\/\/www.vttchartreuse.fr\/index.php\/wp-json\/wp\/v2\/pages"}],"about":[{"href":"https:\/\/www.vttchartreuse.fr\/index.php\/wp-json\/wp\/v2\/types\/page"}],"author":[{"embeddable":true,"href":"https:\/\/www.vttchartreuse.fr\/index.php\/wp-json\/wp\/v2\/users\/2"}],"replies":[{"embeddable":true,"href":"https:\/\/www.vttchartreuse.fr\/index.php\/wp-json\/wp\/v2\/comments?post=27"}],"version-history":[{"count":0,"href":"https:\/\/www.vttchartreuse.fr\/index.php\/wp-json\/wp\/v2\/pages\/27\/revisions"}],"wp:attachment":[{"href":"https:\/\/www.vttchartreuse.fr\/index.php\/wp-json\/wp\/v2\/media?parent=27"}],"curies":[{"name":"wp","href":"https:\/\/api.w.org\/{rel}","templated":true}]}}